{"id":795,"date":"2024-02-23T18:53:03","date_gmt":"2024-02-23T18:53:03","guid":{"rendered":"https:\/\/readersexchange-rex.com\/en\/?page_id=795"},"modified":"2024-02-25T07:37:37","modified_gmt":"2024-02-25T07:37:37","slug":"masa-senicic-2","status":"publish","type":"page","link":"https:\/\/readersexchange-rex.com\/en\/masa-senicic-2\/","title":{"rendered":"Ma\u0161a Seni\u010di\u0107"},"content":{"rendered":"<section class=\"wpb-content-wrapper\"><p>[vc_row][vc_column width=&#8221;1\/2&#8243;][vc_single_image image=&#8221;736&#8243; img_size=&#8221;large&#8221;][\/vc_column][vc_column width=&#8221;1\/2&#8243;][vc_column_text]<\/p>\n<p style=\"text-align: justify;\">Ma\u0161a Seni\u010di\u0107 (Belgrade, 1990)\u00a0completed her BA and MA at the Faculty of Dramatic Arts in Belgrade, where she is now\u00a0\u00a0pursuing her PhD thesis in the field of New Media and Memory Studies.\u00a0She has taken part in various local and international film, theater, visual culture and poetry projects\/workshops\/events\u00a0&#8211; as a participant, a lecturer and an editor &#8211; while also contributing to film festivals as a writer, a moderator and a programmer (Brave Balkans, Belgrade Auteur Film Festival). Her prose, poetry and essays can be found in anthologies, collections and magazines in the ex-Yugoslav region and across Europe. In 2015 she published her first poetry book \u201cThe Ocean&amp;#39;&amp;#39; (Okean, the\u00a0Mladi Dis\u00a0prize) and in 2019 her second book, \u201cAs Occasional as a Vacation Home\u201d (Povremena poput vikend-naselja, the\u00a0Du\u0161an Vasiljev\u00a0prize).\u00a0As a freelance author Seni\u010di\u0107 contributes to and initiates diverse independent interdisciplinary projects and publications.<\/p>\n<p>[\/vc_column_text][\/vc_column][\/vc_row]<\/p>\n<\/section>","protected":false},"excerpt":{"rendered":"<p>[vc_row][vc_column width=&#8221;1\/2&#8243;][vc_single_image image=&#8221;736&#8243; img_size=&#8221;large&#8221;][\/vc_column][vc_column width=&#8221;1\/2&#8243;][vc_column_text] Ma\u0161a Seni\u010di\u0107 (Belgrade, 1990)\u00a0completed her BA and MA at the Faculty of Dramatic Arts in Belgrade, where she is now\u00a0\u00a0pursuing her PhD thesis in the field of New Media and Memory Studies.\u00a0She has taken part in various local and international film, theater, visual culture and poetry projects\/workshops\/events\u00a0&#8211; as a participant,&hellip; <br \/> <a class=\"button small blue\" href=\"https:\/\/readersexchange-rex.com\/en\/masa-senicic-2\/\">Read more<\/a><\/p>\n","protected":false},"author":1,"featured_media":736,"parent":0,"menu_order":0,"comment_status":"closed","ping_status":"closed","template":"","meta":{"footnotes":""},"class_list":["post-795","page","type-page","status-publish","has-post-thumbnail","hentry"],"_links":{"self":[{"href":"https:\/\/readersexchange-rex.com\/en\/wp-json\/wp\/v2\/pages\/795","targetHints":{"allow":["GET"]}}],"collection":[{"href":"https:\/\/readersexchange-rex.com\/en\/wp-json\/wp\/v2\/pages"}],"about":[{"href":"https:\/\/readersexchange-rex.com\/en\/wp-json\/wp\/v2\/types\/page"}],"author":[{"embeddable":true,"href":"https:\/\/readersexchange-rex.com\/en\/wp-json\/wp\/v2\/users\/1"}],"replies":[{"embeddable":true,"href":"https:\/\/readersexchange-rex.com\/en\/wp-json\/wp\/v2\/comments?post=795"}],"version-history":[{"count":2,"href":"https:\/\/readersexchange-rex.com\/en\/wp-json\/wp\/v2\/pages\/795\/revisions"}],"predecessor-version":[{"id":830,"href":"https:\/\/readersexchange-rex.com\/en\/wp-json\/wp\/v2\/pages\/795\/revisions\/830"}],"wp:featuredmedia":[{"embeddable":true,"href":"https:\/\/readersexchange-rex.com\/en\/wp-json\/wp\/v2\/media\/736"}],"wp:attachment":[{"href":"https:\/\/readersexchange-rex.com\/en\/wp-json\/wp\/v2\/media?parent=795"}],"curies":[{"name":"wp","href":"https:\/\/api.w.org\/{rel}","templated":true}]}}