{"id":8,"date":"2023-07-26T19:29:21","date_gmt":"2023-07-26T19:29:21","guid":{"rendered":"https:\/\/readersexchange-rex.com\/en\/one-page-express\/"},"modified":"2024-11-08T06:39:49","modified_gmt":"2024-11-08T06:39:49","slug":"one-page-express","status":"publish","type":"page","link":"https:\/\/readersexchange-rex.com\/en\/","title":{"rendered":"Front Page"},"content":{"rendered":"<div  id=\"knjige\" class=\"features-image-cards-section stripped-features-image-cards-section\" style=\"background-color: #ffffff;\" data-label=\"knjige\" data-id=\"stripped-features-image-cards-section\" data-category=\"overlapable\" data-=\"\" data-overlap=\"true\">\n<div  class=\"gridContainer\">\n<div  class=\"features-image-cards-innerrow flexbox-list\" data-type=\"row\">\n<div  class=\"features-image-cards-cardcol cp6cols-tablet cp3colsb\">\n<div  class=\"features-image-cards-cardrow\">\n\n<a href=\"https:\/\/trecitrg.rs\/proizvod\/septologija-i-ii-drugo-ime\" class=\"\" target=\"_self\" rel=\"noopener\"><img  decoding=\"async\" class=\"features-image-cards-featimg\" src=\"http:\/\/readersexchange-rex.com\/en\/wp-content\/uploads\/2024\/02\/Septologija-I-II-Jun-Fose-K1.jpg.webp\" alt=\"\"><\/a>\n\n&nbsp;\n<div  class=\"features-image-cards-cardtextrow\" data-type=\"column\"><\/div>\n<\/div>\n<\/div>\n<div  class=\"features-image-cards-cardcol cp6cols-tablet cp3colsb\">\n<div  class=\"features-image-cards-cardrow\">\n\n<a href=\"https:\/\/trecitrg.rs\/proizvod\/septologija-iii-v-ja-sam-neko-drugi\" class=\"\" target=\"_self\" rel=\"noopener\"><img  decoding=\"async\" class=\"features-image-cards-featimg\" src=\"http:\/\/readersexchange-rex.com\/en\/wp-content\/uploads\/2024\/02\/Septologija-III-V-Jun-Fose-K1.jpg.webp\" alt=\"\"><\/a>\n\n&nbsp;\n<div  class=\"features-image-cards-cardtextrow\" data-type=\"column\"><\/div>\n<\/div>\n<\/div>\n<div  class=\"features-image-cards-cardcol cp6cols-tablet cp3colsb\">\n<div  class=\"features-image-cards-cardrow\">\n\n<a href=\"https:\/\/trecitrg.rs\/proizvod\/septologija-vi-vii-novo-ime\" class=\"\" target=\"_self\" rel=\"noopener\"><img  decoding=\"async\" class=\"features-image-cards-featimg\" src=\"http:\/\/readersexchange-rex.com\/en\/wp-content\/uploads\/2024\/02\/Septologija-VI-VII-Jun-Fose-K1.jpg.webp\" alt=\"\"><\/a>\n\n&nbsp;\n<div  class=\"features-image-cards-cardtextrow\" data-type=\"column\"><\/div>\n<\/div>\n<\/div>\n<div  class=\"features-image-cards-cardcol cp6cols-tablet cp3colsb\">\n<div  class=\"features-image-cards-cardrow\">\n\n<a href=\"https:\/\/trecitrg.rs\/proizvod\/evropa\" class=\"\" target=\"_self\" rel=\"noopener\"><img  decoding=\"async\" class=\"features-image-cards-featimg\" src=\"http:\/\/readersexchange-rex.com\/en\/wp-content\/uploads\/2024\/02\/Evropa-Maksim-Grigorijev-K1.jpg.webp\" alt=\"\"><\/a>\n\n&nbsp;\n<div  class=\"features-image-cards-cardtextrow\" data-type=\"column\"><\/div>\n<\/div>\n<\/div>\n<div  class=\"features-image-cards-cardcol cp6cols-tablet cp3colsb\">\n<div  class=\"features-image-cards-cardrow\">\n\n<a href=\"#\" class=\"\" target=\"_self\" rel=\"noopener\"><img  decoding=\"async\" class=\"features-image-cards-featimg\" src=\"https:\/\/readersexchange-rex.com\/en\/wp-content\/uploads\/2024\/06\/Jevgenija-Kuznjecova-korice-copy.jpg.webp\" alt=\"\"><\/a>\n\n&nbsp;\n<div  class=\"features-image-cards-cardtextrow\" data-type=\"column\"><\/div>\n<\/div>\n<\/div>\n<div  class=\"features-image-cards-cardcol cp6cols-tablet cp3colsb\">\n<div  class=\"features-image-cards-cardrow\">\n\n<a href=\"https:\/\/trecitrg.rs\/proizvod\/mi-smo-svetlost\" class=\"\" target=\"_self\" rel=\"noopener\"><img  decoding=\"async\" class=\"features-image-cards-featimg\" src=\"http:\/\/readersexchange-rex.com\/en\/wp-content\/uploads\/2024\/02\/Gerda-Bles-Mi-smo-svetlost-K1.jpg.webp\" alt=\"\"><\/a>\n\n&nbsp;\n<div  class=\"features-image-cards-cardtextrow\" data-type=\"column\"><\/div>\n<\/div>\n<\/div>\n<div  class=\"features-image-cards-cardcol cp6cols-tablet cp3colsb\">\n<div  class=\"features-image-cards-cardrow\">\n\n<a href=\"#\" class=\"\" target=\"_self\" rel=\"noopener\"><img  decoding=\"async\" class=\"features-image-cards-featimg\" src=\"https:\/\/readersexchange-rex.com\/en\/wp-content\/uploads\/2024\/06\/Masa-Senicic-NEM-KORICE-font.jpg.webp\" alt=\"\"><\/a>\n\n&nbsp;\n<div  class=\"features-image-cards-cardtextrow\" data-type=\"column\"><\/div>\n<\/div>\n<\/div>\n<div  class=\"features-image-cards-cardcol cp6cols-tablet cp3colsb\">\n<div  class=\"features-image-cards-cardrow\">\n\n<a href=\"https:\/\/trecitrg.rs\/proizvod\/kosmarna-secanja-jednog-mesecara-2\" class=\"\" target=\"_self\" rel=\"noopener\"><img  decoding=\"async\" class=\"features-image-cards-featimg\" src=\"http:\/\/readersexchange-rex.com\/en\/wp-content\/uploads\/2024\/02\/Kosmarna-secanja-Frederiko-Pedrejra-K1.jpg.webp\" alt=\"\"><\/a>\n\n&nbsp;\n<div  class=\"features-image-cards-cardtextrow\" data-type=\"column\"><\/div>\n<\/div>\n<\/div><div  class=\"features-image-cards-cardcol cp6cols-tablet cp3colsb\">\n<div  class=\"features-image-cards-cardrow\">\n\n<a href=\"https:\/\/trecitrg.rs\/proizvod\/sve-ste-upropastili\" class=\"\" target=\"_self\" rel=\"noopener\"><img  decoding=\"async\" class=\"features-image-cards-featimg\" src=\"http:\/\/readersexchange-rex.com\/en\/wp-content\/uploads\/2024\/02\/Sve-ste-upropastili-Lara-Kaleja-K1.jpg.webp\" alt=\"\"><\/a>\n\n&nbsp;\n<div  class=\"features-image-cards-cardtextrow\" data-type=\"column\"><\/div>\n<\/div>\n<\/div><div  class=\"features-image-cards-cardcol cp6cols-tablet cp3colsb\">\n<div  class=\"features-image-cards-cardrow\">\n\n<a href=\"#\" class=\"\" target=\"_self\" rel=\"noopener\"><img  decoding=\"async\" class=\"features-image-cards-featimg\" src=\"https:\/\/readersexchange-rex.com\/en\/wp-content\/uploads\/2024\/06\/Ilija-Durovic-NEM-KORICE-font.jpg.webp\" alt=\"\"><\/a>\n\n&nbsp;\n<div  class=\"features-image-cards-cardtextrow\" data-type=\"column\"><\/div>\n<\/div>\n<\/div><\/div>\n<\/div>\n<\/div><div  id=\"o-projektu\" class=\"about-images-right-section\" style=\"background-color: #f6f6f6;\" data-label=\"o projektu\" data-id=\"about-images-right-section\" data-category=\"about\">\n<div  class=\"gridContainer dynamic-color\">\n<div  class=\"about-images-right-innerrow dynamic-color\">\n<div  class=\"about-images-right-textcol\" data-type=\"column\">\n\n<img  decoding=\"async\" src=\"http:\/\/readersexchange-rex.com\/en\/wp-content\/uploads\/2024\/02\/Layer-1.png\" alt=\"\" class=\"alignnone size-full wp-image-509\">\n<h2  class=\"\">About the project<\/h2>\n\n<p  style=\"text-align: justify;\" class=\"\">The project READERS&nbsp; EXCHANGE (REX) by Tre\u0107i Trg aims to increase the diversity of European literature and enhance transnational circulation of literary works, by carefully selecting literary works from authors based throughout the European continent and providing readers with a perspective of Europe different from the one they are accustomed to.<\/p>\n<a class=\"button blue\" href=\"https:\/\/readersexchange-rex.com\/en\/readersexchange-rex.com\/about-project\" target=\"_self\" rel=\"noopener\">Read more<\/a>\n\n<\/div>\n<div  class=\"about-images-right-imgcol\"><img  decoding=\"async\" class=\"about-images-right-topimg\" src=\"https:\/\/readersexchange-rex.com\/en\/wp-content\/uploads\/2023\/08\/auditorium-3514584-A.jpg\" alt=\"\"><img  decoding=\"async\" class=\"about-images-right-rightimg\" alt=\"\"><img  decoding=\"async\" class=\"about-images-right-leftimg\" src=\"https:\/\/readersexchange-rex.com\/en\/wp-content\/uploads\/2023\/08\/student-865073-a.jpg\" alt=\"\"><\/div>\n<\/div>\n<\/div>\n<\/div><h2  class=\"h2title\">Authors<\/h2><div  id=\"autori\" class=\"features-overlapped-icons-section stripped-features-overlapped-icons-section\" style=\"background-color: #ffffff;\" data-label=\"autori\" data-id=\"stripped-features-overlapped-icons-section\" data-category=\"overlapable\" data-overlap=\"true\">\n<div  class=\"gridContainer\">\n<div  class=\"features-overlapped-icons-featuresrow flexbox-list\" data-type=\"row\">\n<div  class=\"features-large-icons-featcol cp3cols cp6cols-tablet\">\n<div  class=\"features-overlapped-icons-featinnerrow\">\n<div  class=\"\" data-type=\"column\">\n\n<a href=\"https:\/\/readersexchange-rex.com\/en\/jon-fosse-2\" class=\"\" target=\"_self\" rel=\"noopener\"><img  decoding=\"async\" class=\"custom-image\" src=\"http:\/\/readersexchange-rex.com\/en\/wp-content\/uploads\/2023\/07\/04-jonfosse-Foto_tom-kolstad.jpg\" alt=\"\"><\/a>\n<h4  class=\"\">Jon Fosse<\/h4>\n<\/div>\n<\/div>\n<\/div><div  class=\"features-large-icons-featcol cp3cols cp6cols-tablet\">\n<div  class=\"features-overlapped-icons-featinnerrow\">\n<div  class=\"\" data-type=\"column\">\n\n<a href=\"https:\/\/readersexchange-rex.com\/en\/maxim-grigoriev\" class=\"\" target=\"_self\" rel=\"noopener\"><img  decoding=\"async\" class=\"custom-image\" src=\"http:\/\/readersexchange-rex.com\/en\/wp-content\/uploads\/2024\/02\/Maksim-Grigorijev.jpeg.webp\" alt=\"\"><\/a>\n<h4  class=\"\">Maxim Grigoriev<\/h4>\n<\/div>\n<\/div>\n<\/div>\n<div  class=\"features-large-icons-featcol cp3cols cp6cols-tablet\">\n<div  class=\"features-overlapped-icons-featinnerrow\">\n<div  class=\"\" data-type=\"column\">\n\n<a href=\"https:\/\/readersexchange-rex.com\/en\/gerda-blees\" class=\"\" target=\"_self\" rel=\"noopener\"><img  decoding=\"async\" class=\"custom-image\" src=\"http:\/\/readersexchange-rex.com\/en\/wp-content\/uploads\/2024\/02\/Gerda-Bles.jpg\" alt=\"\"><\/a>\n<h4  class=\"\">Gerda Blees<\/h4>\n<\/div>\n<\/div>\n<\/div>\n<div  class=\"features-large-icons-featcol cp3cols cp6cols-tablet\">\n<div  class=\"features-overlapped-icons-featinnerrow\">\n<div  class=\"\" data-type=\"column\">\n\n<a href=\"https:\/\/readersexchange-rex.com\/en\/eugenia-kuznetsova\" class=\"\" target=\"_self\" rel=\"noopener\"><img  decoding=\"async\" class=\"custom-image\" src=\"http:\/\/readersexchange-rex.com\/en\/wp-content\/uploads\/2024\/02\/Jevgenija-Kuznjecova.jpg.webp\" alt=\"\"><\/a>\n<h4  class=\"\">Eugenia Kuznetsova<\/h4>\n<\/div>\n<\/div>\n<\/div>\n\n<div  class=\"features-large-icons-featcol cp3cols cp6cols-tablet\">\n<div  class=\"features-overlapped-icons-featinnerrow\">\n<div  class=\"\" data-type=\"column\">\n\n<a href=\"https:\/\/readersexchange-rex.com\/en\/frederico-pedreira\" class=\"\" target=\"_self\" rel=\"noopener\"><img  decoding=\"async\" class=\"custom-image\" src=\"http:\/\/readersexchange-rex.com\/en\/wp-content\/uploads\/2024\/02\/Frederiko-Pedrejra.jpg.webp\" alt=\"\"><\/a>\n<h4  class=\"\">Frederico Pedreira<\/h4>\n<\/div>\n<\/div>\n<\/div>\n<div  class=\"features-large-icons-featcol cp3cols cp6cols-tablet\">\n<div  class=\"features-overlapped-icons-featinnerrow\">\n<div  class=\"\" data-type=\"column\">\n\n<a href=\"https:\/\/readersexchange-rex.com\/en\/lara-calleja\" class=\"\" target=\"_self\" rel=\"noopener\"><img  decoding=\"async\" class=\"custom-image\" src=\"http:\/\/readersexchange-rex.com\/en\/wp-content\/uploads\/2024\/02\/Lara-Kaleja.jpeg.webp\" alt=\"\"><\/a>\n<h4  class=\"\">Lara Calleja<\/h4>\n<\/div>\n<\/div>\n<\/div>\n<div  class=\"features-large-icons-featcol cp3cols cp6cols-tablet\">\n<div  class=\"features-overlapped-icons-featinnerrow\">\n<div  class=\"\" data-type=\"column\">\n\n<a href=\"https:\/\/readersexchange-rex.com\/en\/masa-senicic-2\" class=\"\" target=\"_self\" rel=\"noopener\"><img  decoding=\"async\" class=\"custom-image\" src=\"http:\/\/readersexchange-rex.com\/en\/wp-content\/uploads\/2024\/02\/Masa-Senicic.jpg\" alt=\"\"><\/a>\n<h4  class=\"\">Ma\u0161a Seni\u010di\u0107<\/h4>\n<\/div>\n<\/div>\n<\/div>\n<div  class=\"features-large-icons-featcol cp3cols cp6cols-tablet\">\n<div  class=\"features-overlapped-icons-featinnerrow\">\n<div  class=\"\" data-type=\"column\">\n\n<a href=\"https:\/\/readersexchange-rex.com\/en\/ilija-djurovic\" class=\"\" target=\"_self\" rel=\"noopener\"><img  decoding=\"async\" class=\"custom-image\" src=\"http:\/\/readersexchange-rex.com\/en\/wp-content\/uploads\/2024\/02\/Ilija-Durovic.jpg.webp\" alt=\"\"><\/a>\n<h4  class=\"\">Ilija \u0110urovi\u0107<\/h4>\n<\/div>\n<\/div>\n<\/div><\/div>\n<\/div>\n<\/div><div  id=\"citati\" br=\"\"><\/div><h2  class=\"h2title\">Translators<\/h2><div  id=\"prevodioci\" class=\"features-coloured-icon-boxes-section\" style=\"background-color: #ffffff;\" data-label=\"prevodioci\" data-id=\"stripped-coloured-icon-boxes\" data-category=\"overlapable\" data-overlap=\"true\">\n<div  class=\"gridContainer\">\n<div  class=\"features-coloured-icon-boxes-innerrow flexbox-list dark-text\" data-type=\"row\">\n<div  class=\"features-coloured-icon-boxes-featurecol cp3cols\">\n\n<a href=\"https:\/\/readersexchange-rex.com\/en\/rados-kosovic\" class=\"\" target=\"_self\" rel=\"noopener\"><img  decoding=\"async\" class=\"custom-image\" src=\"http:\/\/readersexchange-rex.com\/en\/wp-content\/uploads\/2023\/07\/04-Rados-Kosovic-circle.png.webp\" alt=\"\"><\/a>\n<h4  class=\"\">Rado\u0161 Kosovi\u0107<\/h4>\n<\/div><div  class=\"features-coloured-icon-boxes-featurecol cp3cols\">\n\n<a href=\"https:\/\/readersexchange-rex.com\/en\/svetlana-tot\" class=\"\" target=\"_self\" rel=\"noopener\"><img  decoding=\"async\" class=\"custom-image\" src=\"http:\/\/readersexchange-rex.com\/en\/wp-content\/uploads\/2023\/07\/05-Svetlana-Lucic-Tot-circle.png.webp\" alt=\"\"><\/a>\n<h4  class=\"\">Svetlana Tot<\/h4>\n<\/div><div  class=\"features-coloured-icon-boxes-featurecol cp3cols\">\n\n<a href=\"https:\/\/readersexchange-rex.com\/en\/bojana-budimir\" class=\"\" target=\"_self\" rel=\"noopener\"><img  decoding=\"async\" class=\"custom-image\" src=\"http:\/\/readersexchange-rex.com\/en\/wp-content\/uploads\/2023\/07\/03-CELA-Bojana-Budimir-circle.png.webp\" alt=\"\"><\/a>\n<h4  class=\"\">Bojana Budimir<\/h4>\n<\/div><div  class=\"features-coloured-icon-boxes-featurecol cp3cols\">\n\n<a href=\"https:\/\/readersexchange-rex.com\/en\/dragana-vasilijevic-valent\" class=\"\" target=\"_self\" rel=\"noopener\"><img  decoding=\"async\" class=\"custom-image\" src=\"http:\/\/readersexchange-rex.com\/en\/wp-content\/uploads\/2024\/02\/Dragana-Vasilijevic-Valent-circle.png.webp\" alt=\"\"><\/a>\n<h4  class=\"\">Dragana Vasilijevi\u0107-Valent<\/h4>\n<\/div>\n<div  class=\"features-coloured-icon-boxes-featurecol cp3cols\">\n\n<a href=\"https:\/\/readersexchange-rex.com\/en\/jovan-tatic\" class=\"\" target=\"_self\" rel=\"noopener\"><img  decoding=\"async\" class=\"custom-image\" src=\"http:\/\/readersexchange-rex.com\/en\/wp-content\/uploads\/2023\/08\/06-Jovan-Tatic-circle.png.webp\" alt=\"\"><\/a>\n<h4  class=\"\">Jovan Tati\u0107<\/h4>\n<\/div><div  class=\"features-coloured-icon-boxes-featurecol cp3cols\">\n\n<a href=\"https:\/\/readersexchange-rex.com\/en\/novica-petrovic\" class=\"\" target=\"_self\" rel=\"noopener\"><img  decoding=\"async\" class=\"custom-image\" src=\"http:\/\/readersexchange-rex.com\/en\/wp-content\/uploads\/2024\/02\/Novica-Petrovic-circle.png.webp\" alt=\"\"><\/a>\n<h4  class=\"\">Novica Petrovi\u0107<\/h4>\n<\/div>\n\n\n\n\n<div  class=\"features-coloured-icon-boxes-featurecol cp3cols\">\n\n<a href=\"https:\/\/readersexchange-rex.com\/en\/masa-dabic\" class=\"\" target=\"_self\" rel=\"noopener\"><img  decoding=\"async\" class=\"custom-image\" src=\"http:\/\/readersexchange-rex.com\/en\/wp-content\/uploads\/2024\/02\/Mascha-Dabic-circle.png.webp\" alt=\"\"><\/a>\n<h4  class=\"\">Ma\u0161a Dabi\u0107<\/h4>\n<\/div>\n<div  class=\"features-coloured-icon-boxes-featurecol cp3cols\">\n\n<a href=\"https:\/\/readersexchange-rex.com\/en\/jelena-dabic\" class=\"\" target=\"_self\" rel=\"noopener\"><img  decoding=\"async\" class=\"custom-image\" src=\"http:\/\/readersexchange-rex.com\/en\/wp-content\/uploads\/2024\/02\/Jelena-Dabic-circle.png.webp\" alt=\"\"><\/a>\n<h4  class=\"\">Jelena Dabi\u0107<\/h4>\n<\/div><\/div>\n<\/div>\n<\/div><div  id=\"novosti\" class=\"blog-section\" style=\"background-color: #ffffff;\" data-label=\"novosti\" data-id=\"blog-section\" data-category=\"latest_news\">\n<div  class=\"gridContainer\">\n<div  class=\"blog-textrow\">\n<div  class=\"blog-textcol dynamic-color\" data-type=\"column\">\n<h2  class=\"\">News<\/h2>\n<p  class=\"\"><\/p>\n\n<\/div>\n<\/div>\n<div  class=\"blog-postsrow dark-text\" data-type=\"row\" data-dynamic-columns=\"one_page_express_latest_news_columns\" data-content-shortcode=\"one_page_express_latest_news\">\t<\/div>\n<div  class=\"blog-textcol\"><a  class=\"button blue\" href=\"https:\/\/readersexchange-rex.com\/en\/blog\/\" data-attr-shortcode=\"href:one_page_express_blog_link\">Check all news<\/a><\/div>\n<\/div>\n<\/div><div  id=\"kontakt\" class=\"contact-section-formsection white-text\" data-label=\"kontakt\" data-id=\"contact-section\" data-category=\"contact\" data-bg=\"transparent\">\n<div  class=\"\">\n<div  class=\"row_224\">\n<div  class=\"contact-textrow\">\n<div  class=\"contact-textcol dynamic-color\">\n<h2  class=\"\">Contact<\/h2>\n<\/div>\n<\/div>\n<\/div>\n<div  class=\"contact-formcol\" data-content-shortcode=\"one_page_express_contact_form shortcode=&quot;contact-form-7 id=&amp;amp;quot;91&amp;amp;quot; title=&amp;amp;quot;Kontakt&amp;amp;quot;&quot;\" data-editable=\"true\">\n<div class=\"wpcf7 no-js\" id=\"wpcf7-f91-o1\" lang=\"en-US\" dir=\"ltr\" data-wpcf7-id=\"91\">\n<div class=\"screen-reader-response\"><p role=\"status\" aria-live=\"polite\" aria-atomic=\"true\"><\/p> <ul><\/ul><\/div>\n<form action=\"\/en\/wp-json\/wp\/v2\/pages\/8#wpcf7-f91-o1\" method=\"post\" class=\"wpcf7-form init\" aria-label=\"Contact form\" novalidate=\"novalidate\" data-status=\"init\">\n<fieldset class=\"hidden-fields-container\"><input type=\"hidden\" name=\"_wpcf7\" value=\"91\" \/><input type=\"hidden\" name=\"_wpcf7_version\" value=\"6.1.5\" \/><input type=\"hidden\" name=\"_wpcf7_locale\" value=\"en_US\" \/><input type=\"hidden\" name=\"_wpcf7_unit_tag\" value=\"wpcf7-f91-o1\" \/><input type=\"hidden\" name=\"_wpcf7_container_post\" value=\"0\" \/><input type=\"hidden\" name=\"_wpcf7_posted_data_hash\" value=\"\" \/>\n<\/fieldset>\n<p><label> Name and surname<br \/>\n<span class=\"wpcf7-form-control-wrap\" data-name=\"your-name\"><input size=\"40\" maxlength=\"400\" class=\"wpcf7-form-control wpcf7-text wpcf7-validates-as-required\" autocomplete=\"name\" aria-required=\"true\" aria-invalid=\"false\" value=\"\" type=\"text\" name=\"your-name\" \/><\/span> <\/label>\n<\/p>\n<p><label> Email address<br \/>\n<span class=\"wpcf7-form-control-wrap\" data-name=\"your-email\"><input size=\"40\" maxlength=\"400\" class=\"wpcf7-form-control wpcf7-email wpcf7-validates-as-required wpcf7-text wpcf7-validates-as-email\" autocomplete=\"email\" aria-required=\"true\" aria-invalid=\"false\" value=\"\" type=\"email\" name=\"your-email\" \/><\/span> <\/label>\n<\/p>\n<p><label> Subject<br \/>\n<span class=\"wpcf7-form-control-wrap\" data-name=\"your-subject\"><input size=\"40\" maxlength=\"400\" class=\"wpcf7-form-control wpcf7-text wpcf7-validates-as-required\" aria-required=\"true\" aria-invalid=\"false\" value=\"\" type=\"text\" name=\"your-subject\" \/><\/span> <\/label>\n<\/p>\n<p><label> Your message<br \/>\n<span class=\"wpcf7-form-control-wrap\" data-name=\"your-message\"><textarea cols=\"40\" rows=\"10\" maxlength=\"2000\" class=\"wpcf7-form-control wpcf7-textarea wpcf7-validates-as-required\" aria-required=\"true\" aria-invalid=\"false\" name=\"your-message\"><\/textarea><\/span> <\/label>\n<\/p>\n<p><input class=\"wpcf7-form-control wpcf7-submit has-spinner\" type=\"submit\" value=\"Submit\" \/>\n<\/p><div class=\"wpcf7-response-output\" aria-hidden=\"true\"><\/div>\n<\/form>\n<\/div>\n<\/div>\n<\/div>\n<\/div><div  data-label=\"sponzori\" data-id=\"clients-strip-section\" data-category=\"clients\" class=\"clients-strip-section\" id=\"sponzori\" style=\"background-color: rgb(255, 255, 255);\">\n<div  class=\"row_187 gridContainer\" data-type=\"row\" data-add-content=\"false\">\n<div  class=\"clients-strip-itemcol cp2cols\">\n<div  class=\"middle_align1\"><a href=\"https:\/\/culture.ec.europa.eu\/cultural-and-creative-sectors\/books-and-publishing\/circulation-of-european-literary-works-and-literary-translations\" rel=\"noopener\" class=\"\" target=\"_blank\"><img  decoding=\"async\" class=\"clients-strip-itemimg\" src=\"https:\/\/readersexchange-rex.com\/wp-content\/uploads\/2023\/07\/EN-Co-funded-by-the-EU_POS-e1718645694121.jpg.webp\"><\/a><\/div>\n<\/div><div  class=\"clients-strip-itemcol cp2cols\">\n<div  class=\"middle_align1\"><a href=\"https:\/\/trecitrg.rs\" target=\"_blank\" rel=\"noopener\" class=\"\"><img  decoding=\"async\" class=\"clients-strip-itemimg\" src=\"https:\/\/readersexchange-rex.com\/wp-content\/uploads\/2024\/06\/Logo-TT-e1718645725961.png\"><\/a><\/div>\n<\/div><div  class=\"clients-strip-itemcol cp2cols\">\n<div  class=\"middle_align1\"><a href=\"https:\/\/readersexchange-rex.com\" rel=\"noopener\" class=\"\" target=\"_self\"><img  decoding=\"async\" class=\"clients-strip-itemimg\" src=\"https:\/\/readersexchange-rex.com\/wp-content\/uploads\/2024\/05\/rex-e1718642948582.png\"><\/a><\/div>\n<\/div><div  class=\"clients-strip-itemcol cp2cols\">\n<div  class=\"middle_align1\"><a href=\"http:\/\/srebrnodrvo.rs\" target=\"_blank\" rel=\"noopener\" class=\"\"><img  decoding=\"async\" class=\"clients-strip-itemimg\" src=\"https:\/\/readersexchange-rex.com\/wp-content\/uploads\/2023\/07\/sd-e1718645777984.png.webp\"><\/a><\/div>\n<\/div><div  class=\"clients-strip-itemcol cp2cols\">\n<div  class=\"middle_align1\"><a href=\"https:\/\/whateuropedreamsabout.com\" rel=\"noopener\" class=\"\" target=\"_self\"><img  decoding=\"async\" class=\"clients-strip-itemimg\" src=\"https:\/\/readersexchange-rex.com\/wp-content\/uploads\/2023\/07\/WEDA-logo-JEPG-e1718645581612.jpg.webp\"><\/a><\/div>\n<\/div>\n\n\n\n\n\n<hr  class=\"wp-block-separator has-alpha-channel-opacity cp2cols\">\n\n\n<div  class=\"clients-strip-itemcol cp2cols\">\n<div  class=\"middle_align1\"><a href=\"https:\/\/www.drava.at\" rel=\"noopener\" class=\"\" target=\"_blank\"><img  decoding=\"async\" class=\"clients-strip-itemimg\" src=\"https:\/\/readersexchange-rex.com\/wp-content\/uploads\/2024\/06\/Drava_Logo-e1718645806312.jpg.webp\"><\/a><\/div>\n<\/div><div  class=\"clients-strip-itemcol cp2cols\">\n<div  class=\"middle_align1\"><a href=\"https:\/\/kultura.gov.rs\" rel=\"noopener\" class=\"\" target=\"_blank\"><img  decoding=\"async\" class=\"clients-strip-itemimg\" src=\"https:\/\/readersexchange-rex.com\/wp-content\/uploads\/2023\/07\/ministarstvo-kulture-i-informisanja.jpg.webp\"><\/a><\/div>\n<\/div><div  class=\"clients-strip-itemcol cp2cols\">\n<div  class=\"middle_align1\"><a href=\"https:\/\/norla.no\/en\/home\" rel=\"noopener\" class=\"\" target=\"_blank\"><img  decoding=\"async\" class=\"clients-strip-itemimg\" src=\"https:\/\/readersexchange-rex.com\/wp-content\/uploads\/2024\/06\/norla.jpg.webp\"><\/a><\/div>\n<\/div><div  class=\"clients-strip-itemcol cp2cols\">\n<div  class=\"middle_align1\"><a href=\"https:\/\/www.kulturradet.se\/en\" rel=\"noopener\" class=\"\" target=\"_blank\"><img  decoding=\"async\" class=\"clients-strip-itemimg\" src=\"https:\/\/readersexchange-rex.com\/wp-content\/uploads\/2023\/07\/sac.jpg.webp\"><\/a><\/div>\n<\/div><div  class=\"clients-strip-itemcol cp2cols\">\n<div  class=\"middle_align1\"><a href=\"https:\/\/www.portugal.gov.pt\/pt\/gc23\/area-de-governo\/cultura\" rel=\"noopener\" class=\"\" target=\"_blank\"><img  decoding=\"async\" class=\"clients-strip-itemimg\" src=\"https:\/\/readersexchange-rex.com\/en\/wp-content\/uploads\/2023\/07\/Portugalci-DGLB.png\"><\/a><\/div>\n<\/div><div  class=\"clients-strip-itemcol cp2cols\">\n<div  class=\"middle_align1\"><a href=\"https:\/\/www.instituto-camoes.pt\/en\" rel=\"noopener\" class=\"\" target=\"_blank\"><img  decoding=\"async\" class=\"clients-strip-itemimg\" src=\"https:\/\/readersexchange-rex.com\/wp-content\/uploads\/2024\/06\/Camoes-logo.jpg.webp\"><\/a><\/div>\n<\/div><div  class=\"clients-strip-itemcol cp2cols\">\n<div  class=\"middle_align1\"><a href=\"https:\/\/ktieb.org.mt\/en\/malta-book-fund\" rel=\"noopener\" class=\"\" target=\"_blank\"><img  decoding=\"async\" class=\"clients-strip-itemimg\" src=\"https:\/\/readersexchange-rex.com\/wp-content\/uploads\/2024\/06\/National-Book-Council-Malta-logo.jpg.webp\"><\/a><\/div>\n<\/div><div  class=\"clients-strip-itemcol cp2cols\">\n<div  class=\"middle_align1\"><a href=\"https:\/\/ubi.org.ua\/en\" rel=\"noopener\" class=\"\" target=\"_blank\"><img  decoding=\"async\" class=\"clients-strip-itemimg\" src=\"https:\/\/readersexchange-rex.com\/wp-content\/uploads\/2024\/06\/Ukrainian-Book-Institute-logo.jpg.webp\"><\/a><\/div>\n<\/div><div  class=\"clients-strip-itemcol cp2cols\">\n<div  class=\"middle_align1\"><a href=\"https:\/\/www.letterenfonds.nl\/en\" rel=\"noopener\" class=\"\" target=\"_self\"><img  decoding=\"async\" class=\"clients-strip-itemimg\" src=\"https:\/\/readersexchange-rex.com\/wp-content\/uploads\/2024\/06\/Letterenfonds.jpg.webp\"><\/a><\/div>\n<\/div><\/div>\n<\/div>","protected":false},"excerpt":{"rendered":"<p>&nbsp; &nbsp; &nbsp; &nbsp; &nbsp; &nbsp; &nbsp; &nbsp; &nbsp; &nbsp; About the project The project READERS&nbsp; EXCHANGE (REX) by Tre\u0107i Trg aims to increase the diversity of European literature and enhance transnational circulation of literary works, by carefully selecting literary works from authors based throughout the European continent and providing readers with a perspective of&hellip; <br \/> <a class=\"button small blue\" href=\"https:\/\/readersexchange-rex.com\/en\/\">Read more<\/a><\/p>\n","protected":false},"author":1,"featured_media":0,"parent":0,"menu_order":0,"comment_status":"closed","ping_status":"closed","template":"","meta":{"footnotes":""},"class_list":["post-8","page","type-page","status-publish","hentry"],"_links":{"self":[{"href":"https:\/\/readersexchange-rex.com\/en\/wp-json\/wp\/v2\/pages\/8","targetHints":{"allow":["GET"]}}],"collection":[{"href":"https:\/\/readersexchange-rex.com\/en\/wp-json\/wp\/v2\/pages"}],"about":[{"href":"https:\/\/readersexchange-rex.com\/en\/wp-json\/wp\/v2\/types\/page"}],"author":[{"embeddable":true,"href":"https:\/\/readersexchange-rex.com\/en\/wp-json\/wp\/v2\/users\/1"}],"replies":[{"embeddable":true,"href":"https:\/\/readersexchange-rex.com\/en\/wp-json\/wp\/v2\/comments?post=8"}],"version-history":[{"count":258,"href":"https:\/\/readersexchange-rex.com\/en\/wp-json\/wp\/v2\/pages\/8\/revisions"}],"predecessor-version":[{"id":889,"href":"https:\/\/readersexchange-rex.com\/en\/wp-json\/wp\/v2\/pages\/8\/revisions\/889"}],"wp:attachment":[{"href":"https:\/\/readersexchange-rex.com\/en\/wp-json\/wp\/v2\/media?parent=8"}],"curies":[{"name":"wp","href":"https:\/\/api.w.org\/{rel}","templated":true}]}}